{"id":2247,"date":"2016-08-24T13:53:09","date_gmt":"2016-08-24T13:53:09","guid":{"rendered":"http:\/\/www.rinque.com\/eng\/?page_id=2247"},"modified":"2023-12-22T16:46:44","modified_gmt":"2023-12-22T16:46:44","slug":"institucional-2","status":"publish","type":"page","link":"https:\/\/www.woodlands.edu.uy\/esp\/institucional-2\/","title":{"rendered":"Institucional"},"content":{"rendered":"<p>[vc_row fullwidth=\u00bbyes\u00bb][vc_column css=\u00bb.vc_custom_1419115773733{padding-right: 0px !important;padding-left: 0px !important;}\u00bb][vc_empty_space height=\u00bb60px\u00bb][vc_column_text]<\/p>\n<h3 style=\"text-align: center;\"><span style=\"color: #15199c;\">INSTITUCIONAL<\/span><\/h3>\n<p>[\/vc_column_text][vc_empty_space height=\u00bb10px\u00bb][\/vc_column][\/vc_row][vc_row fullwidth=\u00bbyes\u00bb][vc_column css=\u00bb.vc_custom_1476712451370{margin-top: 0px !important;margin-right: 0px !important;margin-bottom: 0px !important;margin-left: 0px !important;padding-top: 0px !important;padding-right: 0px !important;padding-bottom: 0px !important;padding-left: 0px !important;}\u00bb][rev_slider_vc alias=\u00bbinstitucional\u00bb][\/vc_column][\/vc_row][vc_row fullwidth=\u00bbyes\u00bb][vc_column css=\u00bb.vc_custom_1419115773733{padding-right: 0px !important;padding-left: 0px !important;}\u00bb][vc_empty_space height=\u00bb60px\u00bb][vc_column_text]<\/p>\n<h3 style=\"text-align: center;\"><span style=\"color: #15199c;\">EDUCACI\u00d3N PERSONALIZADA<br \/>\nBILING\u00dcE DE EXCELENCIA<\/span><\/h3>\n<p>[\/vc_column_text][vc_empty_space height=\u00bb10px\u00bb][vc_single_image image=\u00bb3546&#8243; img_size=\u00bbfull\u00bb alignment=\u00bbcenter\u00bb][\/vc_column][\/vc_row][vc_row][vc_column][vc_empty_space][\/vc_column][\/vc_row][vc_row][vc_column][vc_empty_space height=\u00bb4px\u00bb][vc_column_text]<\/p>\n<h4 style=\"text-align: left; color: #4d5961; text-transform: none;\">Woodlands School ofrece una oportunidad \u00fanica para formarse en un centro que combina la educaci\u00f3n intelectual, f\u00edsica, art\u00edstica y la ense\u00f1anza en valores. Cuenta tambi\u00e9n con excelentes instalaciones que generan un ambiente confortable. Porque decidir sobre el futuro de un hijo es una apuesta de alto riesgo que exige seguridad, avalada por una trayectoria de calidad y factores tangibles.<\/h4>\n<p>[\/vc_column_text][vc_empty_space][\/vc_column][\/vc_row][vc_row][vc_column width=\u00bb1\/2&#8243;][vc_empty_space height=\u00bb4px\u00bb][vc_column_text]<span style=\"color: #4d5961;\"><br \/>\n\u2022 Clima de respeto, alegr\u00eda y motivaci\u00f3n<br \/>\n\u2022 Grupos reducidos, en torno a los 25 alumnos<br \/>\n\u2022 Excelentes instalaciones<br \/>\n\u2022 Educaci\u00f3n biling\u00fce: ingl\u00e9s y espa\u00f1ol<br \/>\n\u2022 Ense\u00f1anza de portugu\u00e9s<br \/>\n\u2022 Comunidad de padres: charlas, talleres, actividades deportivas<br \/>\n\u2022 Campamentos<br \/>\n\u2022 Intercambios<br \/>\n\u2022 Personal especializado en cada \u00e1rea<br \/>\n<\/span>[\/vc_column_text][\/vc_column][vc_column width=\u00bb1\/2&#8243;][vc_empty_space height=\u00bb4px\u00bb][vc_column_text]<span style=\"color: #4d5961;\"><br \/>\n\u2022 Profesores titulados, que actualizan sus conocimientos a trav\u00e9s de programas de formaci\u00f3n<br \/>\n\u2022 Trato personalizado para cada alumno<br \/>\n\u2022 Departamento de atenci\u00f3n psicopedag\u00f3gica y apoyo paralelo dentro del colegio para aquellos alumnos que lo necesiten<br \/>\n\u2022 Formaci\u00f3n responsable con la sociedad, articulada a trav\u00e9s del servicio comunitario<br \/>\n\u2022 Formaci\u00f3n en inform\u00e1tica<br \/>\n\u2022 Talleres de orientaci\u00f3n vocacional<br \/>\n\u2022 Educaci\u00f3n laica: un centro acad\u00e9mico multicultural en el que todas las opciones tienen cabida<br \/>\n<\/span>[\/vc_column_text][\/vc_column][\/vc_row][vc_row][vc_column][vc_empty_space height=\u00bb60px\u00bb][vc_separator color=\u00bbblack\u00bb][\/vc_column][\/vc_row][vc_row css=\u00bb.vc_custom_1477420287744{padding-top: 30px !important;}\u00bb][vc_column width=\u00bb1\/6&#8243;][vc_single_image image=\u00bb3763&#8243; img_size=\u00bb70&#215;70&#8243; alignment=\u00bbcenter\u00bb onclick=\u00bbcustom_link\u00bb link=\u00bbhttp:\/\/www.woodlands.edu.uy\/esp\/todas-las-noticias\/\u00bb][vc_column_text]<\/p>\n<h5 style=\"text-align: center;\"><span style=\"color: #4c5961;\">NOTICIAS<\/span><\/h5>\n<p>[\/vc_column_text][\/vc_column][vc_column width=\u00bb1\/6&#8243;][vc_single_image image=\u00bb3764&#8243; img_size=\u00bb70&#215;70&#8243; alignment=\u00bbcenter\u00bb onclick=\u00bbcustom_link\u00bb link=\u00bbhttp:\/\/www.woodlands.edu.uy\/esp\/calendario\/\u00bb][vc_column_text]<\/p>\n<h5 style=\"text-align: center;\"><span style=\"color: #4c5961;\">CALENDARIO<\/span><\/h5>\n<p>[\/vc_column_text][\/vc_column][vc_column width=\u00bb1\/6&#8243;][vc_single_image image=\u00bb3765&#8243; img_size=\u00bb70&#215;70&#8243; alignment=\u00bbcenter\u00bb onclick=\u00bbcustom_link\u00bb link=\u00bbhttp:\/\/www.woodlands.edu.uy\/esp\/deportes\/\u00bb][vc_column_text]<\/p>\n<h5 style=\"text-align: center;\"><span style=\"color: #4c5961;\">DEPORTES<\/span><\/h5>\n<p>[\/vc_column_text][\/vc_column][vc_column width=\u00bb1\/6&#8243;][vc_single_image image=\u00bb3766&#8243; img_size=\u00bb70&#215;70&#8243; alignment=\u00bbcenter\u00bb onclick=\u00bbcustom_link\u00bb link=\u00bbhttp:\/\/www.woodlands.edu.uy\/esp\/menu\/\u00bb][vc_column_text]<\/p>\n<h5 style=\"text-align: center;\"><span style=\"color: #4c5961;\">MEN\u00da<\/span><\/h5>\n<p>[\/vc_column_text][\/vc_column][vc_column width=\u00bb1\/6&#8243;][vc_single_image image=\u00bb4346&#8243; img_size=\u00bb70&#215;70&#8243; alignment=\u00bbcenter\u00bb onclick=\u00bbcustom_link\u00bb link=\u00bbhttp:\/\/www.woodlands.edu.uy\/esp\/links-de-interes\/\u00bb][vc_column_text]<\/p>\n<h5 style=\"text-align: center;\"><span style=\"color: #4c5961;\">DE INTER\u00c9S<\/span><\/h5>\n<p>[\/vc_column_text][\/vc_column][vc_column width=\u00bb1\/6&#8243;][vc_single_image image=\u00bb5869&#8243; img_size=\u00bb70&#215;70&#8243; alignment=\u00bbcenter\u00bb onclick=\u00bbcustom_link\u00bb link=\u00bbhttp:\/\/www.woodlands.edu.uy\/esp\/timetables\/\u00bb][vc_column_text]<\/p>\n<h5 style=\"text-align: center;\"><span style=\"color: #4c5961;\">HORARIOS<\/span><\/h5>\n<p>[\/vc_column_text][\/vc_column][\/vc_row][vc_row][vc_column][vc_empty_space height=\u00bb60px\u00bb][\/vc_column][\/vc_row][vc_row full_width=\u00bbstretch_row\u00bb equal_height=\u00bbyes\u00bb background_style=\u00bbcolor\u00bb color_background_color=\u00bb#43474d\u00bb fullwidth=\u00bbyes\u00bb css=\u00bb.vc_custom_1485454555870{margin-top: 0px !important;margin-right: 0px !important;margin-bottom: 0px !important;margin-left: 0px !important;border-top-width: 0px !important;border-right-width: 0px !important;border-bottom-width: 0px !important;border-left-width: 0px !important;padding-top: 0px !important;padding-right: 0px !important;padding-bottom: 0px !important;padding-left: 0px !important;background-color: #43474d !important;}\u00bb][vc_column width=\u00bb1\/2&#8243; css=\u00bb.vc_custom_1476715080488{margin-top: 0px !important;margin-right: 0px !important;margin-bottom: 0px !important;margin-left: 0px !important;border-top-width: 0px !important;border-right-width: 0px !important;border-bottom-width: 0px !important;border-left-width: 0px !important;padding-top: 0px !important;padding-right: 0px !important;padding-bottom: 0px !important;padding-left: 0px !important;}\u00bb][vc_single_image image=\u00bb3487&#8243; img_size=\u00bbfull\u00bb css=\u00bb.vc_custom_1476714910399{margin-top: 0px !important;margin-right: 0px !important;margin-bottom: 0px !important;margin-left: 0px !important;border-top-width: 0px !important;border-right-width: 0px !important;border-bottom-width: 0px !important;border-left-width: 0px !important;padding-top: 0px !important;padding-right: 0px !important;padding-bottom: 0px !important;padding-left: 0px !important;}\u00bb][\/vc_column][vc_column width=\u00bb1\/2&#8243; css=\u00bb.vc_custom_1476715090525{margin-top: 0px !important;margin-right: 0px !important;margin-bottom: 0px !important;margin-left: 0px !important;border-top-width: 0px !important;border-right-width: 0px !important;border-bottom-width: 0px !important;border-left-width: 0px !important;padding-top: 0px !important;padding-right: 0px !important;padding-bottom: 0px !important;padding-left: 0px !important;}\u00bb][vc_single_image image=\u00bb4556&#8243; img_size=\u00bbfull\u00bb alignment=\u00bbright\u00bb css=\u00bb.vc_custom_1488567774729{margin-top: 0px !important;margin-right: 0px !important;margin-bottom: 0px !important;margin-left: 0px !important;border-top-width: 0px !important;border-right-width: 0px !important;border-bottom-width: 0px !important;border-left-width: 0px !important;padding-top: 0px !important;padding-right: 0px !important;padding-bottom: 0px !important;padding-left: 0px !important;}\u00bb][\/vc_column][\/vc_row][vc_column][\/vc_column]<\/p>\n","protected":false},"excerpt":{"rendered":"<p>[vc_row fullwidth=\u00bbyes\u00bb][vc_column css=\u00bb.vc_custom_1419115773733{padding-right: 0px !important;padding-left: 0px !important;}\u00bb][vc_empty_space height=\u00bb60px\u00bb][vc_column_text] INSTITUCIONAL [\/vc_column_text][vc_empty_space height=\u00bb10px\u00bb][\/vc_column][\/vc_row][vc_row fullwidth=\u00bbyes\u00bb][vc_column css=\u00bb.vc_custom_1476712451370{margin-top: 0px !important;margin-right: 0px !important;margin-bottom: 0px !important;margin-left: 0px !important;padding-top: 0px !important;padding-right: 0px !important;padding-bottom: 0px !important;padding-left: 0px !important;}\u00bb][rev_slider_vc alias=\u00bbinstitucional\u00bb][\/vc_column][\/vc_row][vc_row fullwidth=\u00bbyes\u00bb][vc_column css=\u00bb.vc_custom_1419115773733{padding-right: 0px !important;padding-left: 0px !important;}\u00bb][vc_empty_space height=\u00bb60px\u00bb][vc_column_text] EDUCACI\u00d3N PERSONALIZADA BILING\u00dcE DE EXCELENCIA [\/vc_column_text][vc_empty_space height=\u00bb10px\u00bb][vc_single_image image=\u00bb3546&#8243; img_size=\u00bbfull\u00bb alignment=\u00bbcenter\u00bb][\/vc_column][\/vc_row][vc_row][vc_column][vc_empty_space][\/vc_column][\/vc_row][vc_row][vc_column][vc_empty_space height=\u00bb4px\u00bb][vc_column_text] Woodlands School ofrece una oportunidad \u00fanica para [&hellip;]<\/p>\n","protected":false},"author":1,"featured_media":0,"parent":0,"menu_order":0,"comment_status":"open","ping_status":"closed","template":"","meta":{"footnotes":""},"class_list":["post-2247","page","type-page","status-publish","hentry"],"_links":{"self":[{"href":"https:\/\/www.woodlands.edu.uy\/esp\/wp-json\/wp\/v2\/pages\/2247","targetHints":{"allow":["GET"]}}],"collection":[{"href":"https:\/\/www.woodlands.edu.uy\/esp\/wp-json\/wp\/v2\/pages"}],"about":[{"href":"https:\/\/www.woodlands.edu.uy\/esp\/wp-json\/wp\/v2\/types\/page"}],"author":[{"embeddable":true,"href":"https:\/\/www.woodlands.edu.uy\/esp\/wp-json\/wp\/v2\/users\/1"}],"replies":[{"embeddable":true,"href":"https:\/\/www.woodlands.edu.uy\/esp\/wp-json\/wp\/v2\/comments?post=2247"}],"version-history":[{"count":64,"href":"https:\/\/www.woodlands.edu.uy\/esp\/wp-json\/wp\/v2\/pages\/2247\/revisions"}],"predecessor-version":[{"id":20574,"href":"https:\/\/www.woodlands.edu.uy\/esp\/wp-json\/wp\/v2\/pages\/2247\/revisions\/20574"}],"wp:attachment":[{"href":"https:\/\/www.woodlands.edu.uy\/esp\/wp-json\/wp\/v2\/media?parent=2247"}],"curies":[{"name":"wp","href":"https:\/\/api.w.org\/{rel}","templated":true}]}}