{"id":3552,"date":"2016-10-17T14:14:50","date_gmt":"2016-10-17T14:14:50","guid":{"rendered":"http:\/\/www.woodlands.edu.uy\/esp\/?page_id=3552"},"modified":"2023-11-20T19:01:37","modified_gmt":"2023-11-20T19:01:37","slug":"little-woodlands","status":"publish","type":"page","link":"https:\/\/www.woodlands.edu.uy\/esp\/little-woodlands\/","title":{"rendered":"Little Woodlands"},"content":{"rendered":"<p>[vc_row fullwidth=\u00bbyes\u00bb][vc_column css=\u00bb.vc_custom_1419115773733{padding-right: 0px !important;padding-left: 0px !important;}\u00bb][vc_empty_space height=\u00bb60px\u00bb][vc_column_text]<\/p>\n<h3 style=\"text-align: center;\"><span style=\"color: #15199c;\">LITTLE WOODLANDS<\/span><\/h3>\n<p>[\/vc_column_text][vc_empty_space height=\u00bb10px\u00bb][\/vc_column][\/vc_row][vc_row fullwidth=\u00bbyes\u00bb][vc_column css=\u00bb.vc_custom_1476712451370{margin-top: 0px !important;margin-right: 0px !important;margin-bottom: 0px !important;margin-left: 0px !important;padding-top: 0px !important;padding-right: 0px !important;padding-bottom: 0px !important;padding-left: 0px !important;}\u00bb][rev_slider_vc alias=\u00bblittle-woodlands\u00bb][\/vc_column][\/vc_row][vc_row fullwidth=\u00bbyes\u00bb][vc_column css=\u00bb.vc_custom_1419115773733{padding-right: 0px !important;padding-left: 0px !important;}\u00bb][vc_empty_space height=\u00bb60px\u00bb][vc_column_text]<\/p>\n<h3 style=\"text-align: center;\"><span style=\"color: #15199c;\">EN LITTLE WOODLANDS LOS NI\u00d1OS<br \/>\nCRECEN Y APRENDEN EN UN AMBIENTE<br \/>\nDE ALEGR\u00cdA Y RESPETO.<\/span><\/h3>\n<p>[\/vc_column_text][vc_empty_space height=\u00bb10px\u00bb][vc_single_image image=\u00bb3546&#8243; img_size=\u00bbfull\u00bb alignment=\u00bbcenter\u00bb][\/vc_column][\/vc_row][vc_row][vc_column][vc_empty_space][\/vc_column][\/vc_row][vc_row][vc_column][vc_empty_space height=\u00bb4px\u00bb][vc_column_text]<\/p>\n<h4 style=\"text-align: left; color: #4d5961; text-transform: none;\">Apuntamos a una educaci\u00f3n biling\u00fce, d\u00e1ndole la misma relevancia a ambos idiomas. Dentro de la propuesta educativa hay actividades de psicomotricidad, educaci\u00f3n f\u00edsica, arte y m\u00fasica.<\/h4>\n<p>[\/vc_column_text][vc_empty_space][\/vc_column][\/vc_row][vc_row][vc_column width=\u00bb1\/2&#8243;][vc_empty_space height=\u00bb4px\u00bb][vc_column_text]<span style=\"color: #4d5961;\">Little Woodlands se inspira, entre otras cosas, en la filosof\u00eda Reggio Emilia, cuyas ideas principales son:<\/span><\/p>\n<p>&#8211; la adquisici\u00f3n de habilidades como el pensamiento cr\u00edtico<br \/>\n&#8211; la colaboraci\u00f3n de m\u00faltiples lenguajes simb\u00f3licos<br \/>\n&#8211; el rol del ambiente como el maestro<br \/>\n&#8211; la documentaci\u00f3n como evaluaci\u00f3n<br \/>\n&#8211; soporte de los proyectos a largo plazo<br \/>\n&#8211; el maestro como investigador de las relaciones entre el hogar y la escuela[\/vc_column_text][\/vc_column][vc_column width=\u00bb1\/2&#8243;][vc_empty_space height=\u00bb4px\u00bb][vc_column_text]<span style=\"color: #4d5961;\">Se practica la pedagog\u00eda de la escucha, con la disponibilidad de escuchar y ser escuchado. Se promueve la autonom\u00eda y la independencia, teniendo los materiales al alcance de los ni\u00f1os y d\u00e1ndoles oportunidades para explorar y elegir, dentro y fuera del sal\u00f3n.<\/span><\/p>\n<p>Se hace visible el aprendizaje, como forma de repasar lo vivido, ayudando a los ni\u00f1os de recordar y organizar los pensamientos y los eventos.[\/vc_column_text][\/vc_column][\/vc_row][vc_row][vc_column][vc_empty_space height=\u00bb60px\u00bb][\/vc_column][\/vc_row][vc_row background_style=\u00bbcolor\u00bb color_background_color=\u00bb#dd3333&#8243; fullwidth=\u00bbyes\u00bb css=\u00bb.vc_custom_1476719978595{margin-top: 0px !important;margin-right: 0px !important;margin-bottom: 0px !important;margin-left: 0px !important;border-top-width: 0px !important;border-right-width: 0px !important;border-bottom-width: 0px !important;border-left-width: 0px !important;padding-top: 0px !important;padding-right: 0px !important;padding-bottom: 0px !important;padding-left: 0px !important;border-left-color: #ffffff !important;border-right-color: #ffffff !important;border-top-color: #ffffff !important;border-bottom-color: #ffffff !important;}\u00bb][vc_column css=\u00bb.vc_custom_1476720119971{margin-top: 0px !important;border-top-width: 0px !important;padding-top: 0px !important;}\u00bb][vc_row_inner][vc_column_inner css=\u00bb.vc_custom_1476717539618{border-top-width: 0px !important;border-right-width: 1px !important;border-bottom-width: 0px !important;border-left-width: 0px !important;background-color: #ffffff !important;border-left-color: #ffffff !important;border-left-style: solid !important;border-right-color: #ffffff !important;border-right-style: solid !important;border-top-color: #ffffff !important;border-top-style: solid !important;border-bottom-color: #ffffff !important;border-bottom-style: solid !important;border-radius: 1px !important;}\u00bb][vc_single_image image=\u00bb4276&#8243; img_size=\u00bbfull\u00bb alignment=\u00bbcenter\u00bb][vc_toggle title=\u00bbEDUCACI\u00d3N F\u00cdSICA\u00bb custom_font_container=\u00bbtag:h2|font_size:21|text_align:left|color:%23ffffff\u00bb custom_use_theme_fonts=\u00bbyes\u00bb use_custom_heading=\u00bbtrue\u00bb el_id=\u00bb1476715755606-e668bbc1-fd81&#8243;]<strong><span style=\"color: #4d5961; font-size: 15px;\">La estimulaci\u00f3n motriz en los primeros a\u00f1os de la infancia, es clave para un buen desarrollo integral. El programa abarca una diversa gama de actividades que tiene como principal objetivo favorecer el desarrollo de la motricidad.<\/span><\/strong><\/p>\n<p><span style=\"color: #4d5961;\">En Kinder 3 &amp; 4 ofrecemos Nataci\u00f3n y Recreaci\u00f3n en forma opcional. A trav\u00e9s del disfrute de estas actividades, los ni\u00f1os desarrollan habilidades de integraci\u00f3n, independencia y autonom\u00eda.<\/span><\/p>\n<p><span style=\"color: #4d5961;\">Kinder 5 cuenta con Multideportes, disciplina mediante la cual preparamos a los ni\u00f1os para los Deportes de Primaria.<\/span><\/p>\n<p><span style=\"color: #4d5961;\">Las actividades son realizadas en el Colegio, ya sea en el Gimnasio o en las canchas de c\u00e9sped sint\u00e9tico o en la de pasto, mientras que Nataci\u00f3n se lleva a cabo en el Club N\u00e1utico.<\/span>[\/vc_toggle][vc_toggle title=\u00bbUNIFORME\u00bb custom_font_container=\u00bbtag:h2|font_size:21|text_align:left|color:%23ffffff\u00bb custom_use_theme_fonts=\u00bbyes\u00bb use_custom_heading=\u00bbtrue\u00bb el_id=\u00bb1476718660283-54aa51b9-95d8&#8243; css=\u00bb.vc_custom_1700506884010{margin-top: 0px !important;margin-bottom: 0px !important;border-top-width: 0px !important;border-bottom-width: 0px !important;padding-top: 0px !important;padding-bottom: 0px !important;}\u00bb]<strong><span style=\"color: #4d5961; font-size: 15px;\">Kinder 2, 3, 4 y 5<\/span><\/strong><\/p>\n<p>Las ni\u00f1as deben usar el pelo recogido con gomitas azules o blancas y los varones, el pelo corto.<\/p>\n<p><strong>Uniforme: Ni\u00f1as y Varones<\/strong><\/p>\n<div class=\"columnTop\"><strong>Verano<\/strong><\/div>\n<ul>\n<li>Short azul del Colegio<\/li>\n<li>Remera verde de Little Woodlands<\/li>\n<li>Medias blancas\u00a03\/4<\/li>\n<li>Gorro<\/li>\n<\/ul>\n<div class=\"columnTop\"><strong>Invierno<\/strong><\/div>\n<ul>\n<li>Jogging azul de Little Woodlands<\/li>\n<li>Remera verde de Little Woodlands<\/li>\n<li>Medias blancas\u00a03\/4<\/li>\n<li>El abrigo es libre<\/li>\n<\/ul>\n<p><strong>Championes:<\/strong>\u00a0blancos, negros, grises o azul oscuro.<\/p>\n<p><strong>Todas las pertenencias de los ni\u00f1os deben estar marcadas con su nombre con un marcador permanente.<\/strong><\/p>\n<p><strong>\u00bfD\u00f3nde comprar?<\/strong><\/p>\n<p>Cecilia Chiarino, Mariano Uriarte 6186 entre Bolonia y Dubl\u00edn, tel: 26010646 www.chiarinouniformes.com.uy<\/p>\n<p>Boomerang, en la calle Costa Rica 1665 esq Rivera Tel: 2600 1212- 2600 9808 <a href=\"http:\/\/www.mcchuniformes.com\">www.boomerang.uy<\/a>[\/vc_toggle][\/vc_column_inner][\/vc_row_inner][\/vc_column][\/vc_row][vc_row][vc_column][vc_empty_space height=\u00bb60px\u00bb][vc_separator color=\u00bbblack\u00bb][\/vc_column][\/vc_row][vc_row css=\u00bb.vc_custom_1477420537165{padding-top: 30px !important;}\u00bb][vc_column width=\u00bb1\/6&#8243;][vc_single_image image=\u00bb3763&#8243; img_size=\u00bb70&#215;70&#8243; alignment=\u00bbcenter\u00bb onclick=\u00bbcustom_link\u00bb link=\u00bbhttp:\/\/www.woodlands.edu.uy\/esp\/todas-las-noticias\/\u00bb][vc_column_text]<\/p>\n<h5 style=\"text-align: center;\"><span style=\"color: #4c5961;\">NOTICIAS<\/span><\/h5>\n<p>[\/vc_column_text][\/vc_column][vc_column width=\u00bb1\/6&#8243;][vc_single_image image=\u00bb3764&#8243; img_size=\u00bb70&#215;70&#8243; alignment=\u00bbcenter\u00bb onclick=\u00bbcustom_link\u00bb link=\u00bbhttp:\/\/www.woodlands.edu.uy\/esp\/calendario\/\u00bb][vc_column_text]<\/p>\n<h5 style=\"text-align: center;\"><span style=\"color: #4c5961;\">CALENDARIO<\/span><\/h5>\n<p>[\/vc_column_text][\/vc_column][vc_column width=\u00bb1\/6&#8243;][vc_single_image image=\u00bb3765&#8243; img_size=\u00bb70&#215;70&#8243; alignment=\u00bbcenter\u00bb onclick=\u00bbcustom_link\u00bb link=\u00bbhttp:\/\/www.woodlands.edu.uy\/esp\/deportes\/\u00bb][vc_column_text]<\/p>\n<h5 style=\"text-align: center;\"><span style=\"color: #4c5961;\">DEPORTES<\/span><\/h5>\n<p>[\/vc_column_text][\/vc_column][vc_column width=\u00bb1\/6&#8243;][vc_single_image image=\u00bb3766&#8243; img_size=\u00bb70&#215;70&#8243; alignment=\u00bbcenter\u00bb onclick=\u00bbcustom_link\u00bb link=\u00bbhttp:\/\/www.woodlands.edu.uy\/esp\/menu\/\u00bb][vc_column_text]<\/p>\n<h5 style=\"text-align: center;\"><span style=\"color: #4c5961;\">MEN\u00da<\/span><\/h5>\n<p>[\/vc_column_text][\/vc_column][vc_column width=\u00bb1\/6&#8243;][vc_single_image image=\u00bb4346&#8243; img_size=\u00bb70&#215;70&#8243; alignment=\u00bbcenter\u00bb onclick=\u00bbcustom_link\u00bb link=\u00bbhttp:\/\/www.woodlands.edu.uy\/esp\/links-de-interes\/\u00bb][vc_column_text]<\/p>\n<h5 style=\"text-align: center;\"><span style=\"color: #4c5961;\">DE INTER\u00c9S<\/span><\/h5>\n<p>[\/vc_column_text][\/vc_column][vc_column width=\u00bb1\/6&#8243;][vc_single_image image=\u00bb5869&#8243; img_size=\u00bb70&#215;70&#8243; alignment=\u00bbcenter\u00bb onclick=\u00bbcustom_link\u00bb link=\u00bbhttp:\/\/www.woodlands.edu.uy\/esp\/timetables\/\u00bb][vc_column_text]<\/p>\n<h5 style=\"text-align: center;\"><span style=\"color: #4c5961;\">HORARIOS<\/span><\/h5>\n<p>[\/vc_column_text][\/vc_column][\/vc_row][vc_row][vc_column][vc_empty_space height=\u00bb60px\u00bb][\/vc_column][\/vc_row][vc_row full_width=\u00bbstretch_row\u00bb equal_height=\u00bbyes\u00bb background_style=\u00bbcolor\u00bb fullwidth=\u00bbyes\u00bb css=\u00bb.vc_custom_1485455082275{margin-top: 0px !important;margin-right: 0px !important;margin-bottom: 0px !important;margin-left: 0px !important;border-top-width: 0px !important;border-right-width: 0px !important;border-bottom-width: 0px !important;border-left-width: 0px !important;padding-top: 0px !important;padding-right: 0px !important;padding-bottom: 0px !important;padding-left: 0px !important;}\u00bb][vc_column width=\u00bb1\/2&#8243; css=\u00bb.vc_custom_1476719337732{margin-top: 0px !important;margin-right: 0px !important;margin-bottom: 0px !important;margin-left: 0px !important;border-top-width: 0px !important;border-right-width: 0px !important;border-bottom-width: 0px !important;border-left-width: 0px !important;padding-top: 0px !important;padding-right: 0px !important;padding-bottom: 0px !important;padding-left: 0px !important;}\u00bb][vc_single_image image=\u00bb3487&#8243; img_size=\u00bbfull\u00bb css=\u00bb.vc_custom_1476719323459{margin-top: 0px !important;margin-right: 0px !important;margin-bottom: 0px !important;margin-left: 0px !important;border-top-width: 0px !important;border-right-width: 0px !important;border-bottom-width: 0px !important;border-left-width: 0px !important;padding-top: 0px !important;padding-right: 0px !important;padding-bottom: 0px !important;padding-left: 0px !important;}\u00bb][\/vc_column][vc_column width=\u00bb1\/2&#8243; css=\u00bb.vc_custom_1476719453841{margin-top: 0px !important;margin-right: 0px !important;margin-bottom: 0px !important;margin-left: 0px !important;border-top-width: 0px !important;border-right-width: 0px !important;border-bottom-width: 0px !important;border-left-width: 0px !important;padding-top: 0px !important;padding-right: 0px !important;padding-bottom: 0px !important;padding-left: 0px !important;}\u00bb][vc_single_image image=\u00bb4262&#8243; img_size=\u00bbfull\u00bb alignment=\u00bbright\u00bb css=\u00bb.vc_custom_1487182894574{margin-top: 0px !important;margin-right: 0px !important;margin-bottom: 0px !important;margin-left: 0px !important;border-top-width: 0px !important;border-right-width: 0px !important;border-bottom-width: 0px !important;border-left-width: 0px !important;padding-top: 0px !important;padding-right: 0px !important;padding-bottom: 0px !important;padding-left: 0px !important;}\u00bb][\/vc_column][\/vc_row][vc_column][\/vc_column]<\/p>\n","protected":false},"excerpt":{"rendered":"<p>[vc_row fullwidth=\u00bbyes\u00bb][vc_column css=\u00bb.vc_custom_1419115773733{padding-right: 0px !important;padding-left: 0px !important;}\u00bb][vc_empty_space height=\u00bb60px\u00bb][vc_column_text] LITTLE WOODLANDS [\/vc_column_text][vc_empty_space height=\u00bb10px\u00bb][\/vc_column][\/vc_row][vc_row fullwidth=\u00bbyes\u00bb][vc_column css=\u00bb.vc_custom_1476712451370{margin-top: 0px !important;margin-right: 0px !important;margin-bottom: 0px !important;margin-left: 0px !important;padding-top: 0px !important;padding-right: 0px !important;padding-bottom: 0px !important;padding-left: 0px !important;}\u00bb][rev_slider_vc alias=\u00bblittle-woodlands\u00bb][\/vc_column][\/vc_row][vc_row fullwidth=\u00bbyes\u00bb][vc_column css=\u00bb.vc_custom_1419115773733{padding-right: 0px !important;padding-left: 0px !important;}\u00bb][vc_empty_space height=\u00bb60px\u00bb][vc_column_text] EN LITTLE WOODLANDS LOS NI\u00d1OS CRECEN Y APRENDEN EN UN AMBIENTE DE ALEGR\u00cdA Y RESPETO. [\/vc_column_text][vc_empty_space height=\u00bb10px\u00bb][vc_single_image [&hellip;]<\/p>\n","protected":false},"author":1,"featured_media":0,"parent":0,"menu_order":0,"comment_status":"open","ping_status":"closed","template":"","meta":{"footnotes":""},"class_list":["post-3552","page","type-page","status-publish","hentry"],"_links":{"self":[{"href":"https:\/\/www.woodlands.edu.uy\/esp\/wp-json\/wp\/v2\/pages\/3552","targetHints":{"allow":["GET"]}}],"collection":[{"href":"https:\/\/www.woodlands.edu.uy\/esp\/wp-json\/wp\/v2\/pages"}],"about":[{"href":"https:\/\/www.woodlands.edu.uy\/esp\/wp-json\/wp\/v2\/types\/page"}],"author":[{"embeddable":true,"href":"https:\/\/www.woodlands.edu.uy\/esp\/wp-json\/wp\/v2\/users\/1"}],"replies":[{"embeddable":true,"href":"https:\/\/www.woodlands.edu.uy\/esp\/wp-json\/wp\/v2\/comments?post=3552"}],"version-history":[{"count":64,"href":"https:\/\/www.woodlands.edu.uy\/esp\/wp-json\/wp\/v2\/pages\/3552\/revisions"}],"predecessor-version":[{"id":20570,"href":"https:\/\/www.woodlands.edu.uy\/esp\/wp-json\/wp\/v2\/pages\/3552\/revisions\/20570"}],"wp:attachment":[{"href":"https:\/\/www.woodlands.edu.uy\/esp\/wp-json\/wp\/v2\/media?parent=3552"}],"curies":[{"name":"wp","href":"https:\/\/api.w.org\/{rel}","templated":true}]}}