{"id":3555,"date":"2016-10-17T14:15:35","date_gmt":"2016-10-17T14:15:35","guid":{"rendered":"http:\/\/www.woodlands.edu.uy\/esp\/?page_id=3555"},"modified":"2023-11-20T19:02:33","modified_gmt":"2023-11-20T19:02:33","slug":"junior-2","status":"publish","type":"page","link":"https:\/\/www.woodlands.edu.uy\/esp\/junior-2\/","title":{"rendered":"Junior"},"content":{"rendered":"<p>[vc_row fullwidth=\u00bbyes\u00bb][vc_column css=\u00bb.vc_custom_1419115773733{padding-right: 0px !important;padding-left: 0px !important;}\u00bb][vc_empty_space height=\u00bb60px\u00bb][vc_column_text]<\/p>\n<h3 style=\"text-align: center;\"><span style=\"color: #15199c;\">JUNIOR SCHOOL<\/span><\/h3>\n<p>[\/vc_column_text][vc_empty_space height=\u00bb10px\u00bb][\/vc_column][\/vc_row][vc_row fullwidth=\u00bbyes\u00bb][vc_column css=\u00bb.vc_custom_1476712451370{margin-top: 0px !important;margin-right: 0px !important;margin-bottom: 0px !important;margin-left: 0px !important;padding-top: 0px !important;padding-right: 0px !important;padding-bottom: 0px !important;padding-left: 0px !important;}\u00bb][rev_slider_vc alias=\u00bbjunior\u00bb][\/vc_column][\/vc_row][vc_row fullwidth=\u00bbyes\u00bb][vc_column css=\u00bb.vc_custom_1419115773733{padding-right: 0px !important;padding-left: 0px !important;}\u00bb][vc_empty_space height=\u00bb60px\u00bb][vc_column_text]<\/p>\n<h3 style=\"text-align: center;\"><span style=\"color: #15199c;\">CONTIN\u00daA EL PROCESO DE FORMACI\u00d3N<br \/>\nPERSONAL Y APRENDIZAJE QUE SE INICI\u00d3<br \/>\nEN LITTLE WOODLANDS.<br \/>\n<\/span><\/h3>\n<p>[\/vc_column_text][vc_empty_space height=\u00bb10px\u00bb][vc_single_image image=\u00bb3546&#8243; img_size=\u00bbfull\u00bb alignment=\u00bbcenter\u00bb][\/vc_column][\/vc_row][vc_row][vc_column][vc_empty_space][\/vc_column][\/vc_row][vc_row][vc_column][vc_empty_space height=\u00bb4px\u00bb][vc_column_text]<\/p>\n<h4 style=\"text-align: left; color: #4d5961; text-transform: none;\">La ense\u00f1anza biling\u00fce se imparte en diferentes salones, de tal modo que los estudiantes se sumergen en cada uno de los idiomas.<\/h4>\n<p>[\/vc_column_text][vc_empty_space][\/vc_column][\/vc_row][vc_row][vc_column width=\u00bb1\/2&#8243;][vc_empty_space height=\u00bb4px\u00bb][vc_column_text]Adem\u00e1s, para fomentar el desarrollo de las inteligencias m\u00faltiples, dentro del horario escolar se brindan asignaturas como Deportes, Educaci\u00f3n F\u00edsica, Inform\u00e1tica, Educaci\u00f3n Musical, Educaci\u00f3n Art\u00edstica, Drama, Danza, Taekwon-do y Talleres de Comunicaci\u00f3n y Salud. Contamos con docentes especializados en todas las \u00e1reas.[\/vc_column_text][\/vc_column][vc_column width=\u00bb1\/2&#8243;][vc_empty_space height=\u00bb4px\u00bb][vc_column_text]En Woodlands School nos basamos en el concepto de la \u00abzona de pr\u00f3ximo desarrollo\u00bb. Esto implica conocer el potencial de cada ni\u00f1o, de modo que, de manera individual, se logre que cada uno d\u00e9 lo mejor de s\u00ed mismo.<\/p>\n<p>Contamos tambi\u00e9n con programas permanentes de intervenci\u00f3n pedag\u00f3gica y psicol\u00f3gica.[\/vc_column_text][\/vc_column][\/vc_row][vc_row background_style=\u00bbcolor\u00bb color_background_color=\u00bb#dd3333&#8243; fullwidth=\u00bbyes\u00bb css=\u00bb.vc_custom_1476719978595{margin-top: 0px !important;margin-right: 0px !important;margin-bottom: 0px !important;margin-left: 0px !important;border-top-width: 0px !important;border-right-width: 0px !important;border-bottom-width: 0px !important;border-left-width: 0px !important;padding-top: 0px !important;padding-right: 0px !important;padding-bottom: 0px !important;padding-left: 0px !important;border-left-color: #ffffff !important;border-right-color: #ffffff !important;border-top-color: #ffffff !important;border-bottom-color: #ffffff !important;}\u00bb][vc_column css=\u00bb.vc_custom_1476720119971{margin-top: 0px !important;border-top-width: 0px !important;padding-top: 0px !important;}\u00bb][vc_row_inner][vc_column_inner css=\u00bb.vc_custom_1476717539618{border-top-width: 0px !important;border-right-width: 1px !important;border-bottom-width: 0px !important;border-left-width: 0px !important;background-color: #ffffff !important;border-left-color: #ffffff !important;border-left-style: solid !important;border-right-color: #ffffff !important;border-right-style: solid !important;border-top-color: #ffffff !important;border-top-style: solid !important;border-bottom-color: #ffffff !important;border-bottom-style: solid !important;border-radius: 1px !important;}\u00bb][vc_single_image image=\u00bb4470&#8243; img_size=\u00bbfull\u00bb alignment=\u00bbcenter\u00bb][vc_toggle title=\u00bbEDUCACI\u00d3N F\u00cdSICA\u00bb custom_font_container=\u00bbtag:h2|font_size:21|text_align:left|color:%23ffffff\u00bb custom_use_theme_fonts=\u00bbyes\u00bb use_custom_heading=\u00bbtrue\u00bb el_id=\u00bb1476715755606-e668bbc1-fd81&#8243;]<\/p>\n<div class=\"AccordionPanelContent\">\n<p>Nuestro objetivo es inculcar en nuestros alumnos el concepto de calidad de vida y los beneficios f\u00edsicos, psicol\u00f3gicos y sociales de realizar deportes en condiciones saludables.<\/p>\n<p>Ense\u00f1amos cada deporte respetando sus reglas, para que \u00e9stas se transfieran en su vida diaria.<\/p>\n<p>Se forman deportistas con valores nobles y firmes. La competencia es vista como motivaci\u00f3n interna para la superaci\u00f3n personal. Se aprende a ganar y a perder.<\/p>\n<p>En Primaria nuestro fin es la participaci\u00f3n, socializaci\u00f3n y el goce de la actividad f\u00edsica. Los deportes m\u00e1s destacados son Rugby y Football para los varones, Hockey y Handball para las ni\u00f1as y Atletismo para ambos. Participamos en la Liga Intercolegial de Deportes (L.I.D.).<\/p>\n<p>Las actividades son desarrolladas en su gran mayor\u00eda en el Colegio, ya que cuenta con un gimnasio, dos canchas medianas de c\u00e9sped sint\u00e9tico y una cancha de pasto.<\/p>\n<p>Los campamentos tambi\u00e9n forman parte de nuestro curr\u00edculum desde Grade 1 a Grade 5. La integraci\u00f3n y pertenencia al grupo, el compartir y la autonom\u00eda son pilares fundamentales dentro del programa de Campamentos.<\/p><\/div>\n<p>[\/vc_toggle][vc_toggle title=\u00bbENSE\u00d1ANZA CON NOMBRE Y APELLIDO\u00bb custom_font_container=\u00bbtag:h2|font_size:21|text_align:left|color:%23ffffff\u00bb custom_use_theme_fonts=\u00bbyes\u00bb use_custom_heading=\u00bbtrue\u00bb el_id=\u00bb1476725334157-42941e1e-0950&#8243;]<\/p>\n<div class=\"AccordionPanelContent\">En Woodlands School sabemos que un grupo reducido permite una mejor interacci\u00f3n entre los docentes y sus alumnos. Brindamos una atenci\u00f3n personalizada que se ha convertido en uno de los sellos del Colegio: cada alumno tiene un nombre, un apellido y una historia.<\/div>\n<p>[\/vc_toggle][vc_toggle title=\u00bbUNIFORME\u00bb custom_font_container=\u00bbtag:h2|font_size:21|text_align:left|color:%23ffffff\u00bb custom_use_theme_fonts=\u00bbyes\u00bb use_custom_heading=\u00bbtrue\u00bb el_id=\u00bb1476718660283-54aa51b9-95d8&#8243; css=\u00bb.vc_custom_1700506942608{margin-top: 0px !important;margin-bottom: 0px !important;border-top-width: 0px !important;border-bottom-width: 0px !important;padding-top: 0px !important;padding-bottom: 0px !important;}\u00bb]<strong>Grades 1, 2, 3, 4, 5 y 6<\/strong><\/p>\n<p>Las ni\u00f1as deben usar el pelo recogido con gomitas azules o blancas y los varones, el pelo corto.<\/p>\n<div class=\"AccordionPanelContent\">\n<div class=\"AccordionPanelContent\">\n<div class=\"columnTop\"><strong>A- Uniforme Reglamentario<\/strong><\/div>\n<div class=\"columnTop\"><strong><strong>Ni\u00f1as<\/strong><\/strong><\/div>\n<div class=\"columnTop\">\n<p>Verano<\/p>\n<ul>\n<li>Jumper escoc\u00e9s (Grade 1 a Grade 5)<\/li>\n<li>Pollera escocesa (Grade 6)<\/li>\n<li>Calza azul corta<\/li>\n<li>Camisa blanca manga corta<\/li>\n<li>Sin Trabita<\/li>\n<li>Medias azules <sup>3<\/sup>\/<sub>4<\/sub><\/li>\n<li>Zapatos negros<\/li>\n<li>Gorro<\/li>\n<\/ul>\n<div class=\"columnTop\">Invierno<\/div>\n<ul>\n<li>Jumper escoc\u00e9s (Grade 1 a Grade 5)<\/li>\n<li>Pollera escocesa (Grade 6)<\/li>\n<li>Calza azul corta<\/li>\n<li>Camisa blanca manga larga<\/li>\n<li>Trabita escocesa<\/li>\n<li>Medias azules <sup>3<\/sup>\/<sub>4<\/sub> o cancan de lana azul<\/li>\n<li>Zapatos negros<\/li>\n<li>Cardigan azul con logo del Colegio<\/li>\n<li>Polar azul y\/o campera azul, ambos con logo del Colegio<\/li>\n<\/ul>\n<p><strong>Varones<\/strong><\/p>\n<p>Verano<\/p>\n<ul>\n<li>Pantal\u00f3n gris corto o largo<\/li>\n<li>Remera azul con logo del Colegio<\/li>\n<li>Medias azules <sup>3<\/sup>\/<sub>4<\/sub><\/li>\n<li>Zapatos negros<\/li>\n<li>Gorro<\/li>\n<\/ul>\n<div class=\"columnTop\">Invierno<\/div>\n<ul>\n<li>Pantal\u00f3n gris corto o largo<\/li>\n<li>Camisa blanca manga larga<\/li>\n<li>Corbata del Colegio<\/li>\n<li>Medias azules <sup>3<\/sup>\/<sub>4<\/sub><\/li>\n<li>Zapatos negros<\/li>\n<li>Sweater azul escote en V con logo del Colegio<\/li>\n<li>Polar azul\u00a0 y\/o campera azul, ambos con logo del Colegio<\/li>\n<\/ul>\n<\/div>\n<\/div>\n<\/div>\n<div class=\"AccordionPanelContent\"><\/div>\n<div class=\"AccordionPanelContent\">\n<p><strong>B- Uniforme Deportivo<\/strong><\/p>\n<div class=\"columnTop\">1- Pr\u00e1cticas Deportivas<\/div>\n<ul>\n<li>Short azul con logo del Colegio<\/li>\n<li>Remera polo azul con logo del Colegio<\/li>\n<li>Medias blancas<\/li>\n<li>Calzado de deportes<\/li>\n<li>Pantal\u00f3n y buzo jogging azul con logo del Colegio<\/li>\n<\/ul>\n<div class=\"columnTop\">2-\u00a0Partidos y Competencias: SOLO alumnos de Grade 3 a Grade 6 (Grade 1 y Grade 2 usan el uniforme de las pr\u00e1cticas)<\/div>\n<ul>\n<li class=\"columnTop\">Hockey: remera rayada, pollera azul con logo del Colegio, calza azul, medias rayadas, championes de sint\u00e9tico (tapones chicos), canilleras, protector bucal y palo de hockey.<\/li>\n<li class=\"columnTop\">Handball: remera rayada y short azul con logo del Colegio, medias rayadas y championes sin tapones.<\/li>\n<li class=\"columnTop\">Atletismo: remera rayada\u00a0y short azul las ni\u00f1as y blancos los varones con logo del Colegio,\u00a0 medias rayadas, championes sin tapones.<\/li>\n<li class=\"columnTop\">Rugby:<strong>\u00a0<\/strong>remera rayada y short blanco con logo del Colegio, medias rayadas, championes con tapones y protector bucal.<\/li>\n<li class=\"columnTop\">F\u00fatbol:<strong>\u00a0<\/strong>remera rayada y short blanco con logo del Colegio,\u00a0 medias rayadas, championes con tapones y canilleras.<\/li>\n<\/ul>\n<p><strong>\u00bfD\u00f3nde comprar?<\/strong><\/p>\n<ul>\n<li>Cecilia Chiarino, Mariano Uriarte 6186 entre Bolonia y Dubl\u00edn, tel: 26010646 www.chiarinouniformes.com.uy<\/li>\n<li>Boomerang, Costa Rica 1665 Tel: 2600 1220 &#8211; 2600 9208 www.boomerang.uy<\/li>\n<\/ul>\n<\/div>\n<p>&nbsp;<\/p>\n<div class=\"column\"><\/div>\n<p>[\/vc_toggle][\/vc_column_inner][\/vc_row_inner][\/vc_column][\/vc_row][vc_row][vc_column][vc_empty_space height=\u00bb60px\u00bb][vc_separator color=\u00bbblack\u00bb][\/vc_column][\/vc_row][vc_row css=\u00bb.vc_custom_1477420993348{padding-top: 30px !important;}\u00bb][vc_column width=\u00bb1\/6&#8243;][vc_single_image image=\u00bb3763&#8243; img_size=\u00bb70&#215;70&#8243; alignment=\u00bbcenter\u00bb onclick=\u00bbcustom_link\u00bb link=\u00bbhttp:\/\/www.woodlands.edu.uy\/esp\/todas-las-noticias\/\u00bb][vc_column_text]<\/p>\n<h5 style=\"text-align: center;\"><span style=\"color: #4c5961;\">NOTICIAS<\/span><\/h5>\n<p>[\/vc_column_text][\/vc_column][vc_column width=\u00bb1\/6&#8243;][vc_single_image image=\u00bb3764&#8243; img_size=\u00bb70&#215;70&#8243; alignment=\u00bbcenter\u00bb onclick=\u00bbcustom_link\u00bb link=\u00bbhttp:\/\/www.woodlands.edu.uy\/esp\/calendario\/\u00bb][vc_column_text]<\/p>\n<h5 style=\"text-align: center;\"><span style=\"color: #4c5961;\">CALENDARIO<\/span><\/h5>\n<p>[\/vc_column_text][\/vc_column][vc_column width=\u00bb1\/6&#8243;][vc_single_image image=\u00bb3765&#8243; img_size=\u00bb70&#215;70&#8243; alignment=\u00bbcenter\u00bb onclick=\u00bbcustom_link\u00bb link=\u00bbhttp:\/\/www.woodlands.edu.uy\/esp\/deportes\/\u00bb][vc_column_text]<\/p>\n<h5 style=\"text-align: center;\"><span style=\"color: #4c5961;\">DEPORTES<\/span><\/h5>\n<p>[\/vc_column_text][\/vc_column][vc_column width=\u00bb1\/6&#8243;][vc_single_image image=\u00bb3766&#8243; img_size=\u00bb70&#215;70&#8243; alignment=\u00bbcenter\u00bb onclick=\u00bbcustom_link\u00bb link=\u00bbhttp:\/\/www.woodlands.edu.uy\/esp\/menu\/\u00bb][vc_column_text]<\/p>\n<h5 style=\"text-align: center;\"><span style=\"color: #4c5961;\">MEN\u00da<\/span><\/h5>\n<p>[\/vc_column_text][\/vc_column][vc_column width=\u00bb1\/6&#8243;][vc_single_image image=\u00bb4346&#8243; img_size=\u00bb70&#215;70&#8243; alignment=\u00bbcenter\u00bb onclick=\u00bbcustom_link\u00bb link=\u00bbhttp:\/\/www.woodlands.edu.uy\/esp\/links-de-interes\/\u00bb][vc_column_text]<\/p>\n<h5 style=\"text-align: center;\"><span style=\"color: #4c5961;\">DE INTER\u00c9S<\/span><\/h5>\n<p>[\/vc_column_text][\/vc_column][vc_column width=\u00bb1\/6&#8243;][vc_single_image image=\u00bb5869&#8243; img_size=\u00bb70&#215;70&#8243; alignment=\u00bbcenter\u00bb onclick=\u00bbcustom_link\u00bb link=\u00bbhttp:\/\/www.woodlands.edu.uy\/esp\/timetables\/\u00bb][vc_column_text]<\/p>\n<h5 style=\"text-align: center;\"><span style=\"color: #4c5961;\">HORARIOS<\/span><\/h5>\n<p>[\/vc_column_text][\/vc_column][\/vc_row][vc_row][vc_column][vc_empty_space height=\u00bb60px\u00bb][\/vc_column][\/vc_row][vc_row full_width=\u00bbstretch_row\u00bb equal_height=\u00bbyes\u00bb background_style=\u00bbcolor\u00bb fullwidth=\u00bbyes\u00bb css=\u00bb.vc_custom_1485455171186{margin-top: 0px !important;margin-right: 0px !important;margin-bottom: 0px !important;margin-left: 0px !important;border-top-width: 0px !important;border-right-width: 0px !important;border-bottom-width: 0px !important;border-left-width: 0px !important;padding-top: 0px !important;padding-right: 0px !important;padding-bottom: 0px !important;padding-left: 0px !important;}\u00bb][vc_column width=\u00bb1\/2&#8243; css=\u00bb.vc_custom_1476719337732{margin-top: 0px !important;margin-right: 0px !important;margin-bottom: 0px !important;margin-left: 0px !important;border-top-width: 0px !important;border-right-width: 0px !important;border-bottom-width: 0px !important;border-left-width: 0px !important;padding-top: 0px !important;padding-right: 0px !important;padding-bottom: 0px !important;padding-left: 0px !important;}\u00bb][vc_single_image image=\u00bb3487&#8243; img_size=\u00bbfull\u00bb css=\u00bb.vc_custom_1476719323459{margin-top: 0px !important;margin-right: 0px !important;margin-bottom: 0px !important;margin-left: 0px !important;border-top-width: 0px !important;border-right-width: 0px !important;border-bottom-width: 0px !important;border-left-width: 0px !important;padding-top: 0px !important;padding-right: 0px !important;padding-bottom: 0px !important;padding-left: 0px !important;}\u00bb][\/vc_column][vc_column width=\u00bb1\/2&#8243; css=\u00bb.vc_custom_1476719453841{margin-top: 0px !important;margin-right: 0px !important;margin-bottom: 0px !important;margin-left: 0px !important;border-top-width: 0px !important;border-right-width: 0px !important;border-bottom-width: 0px !important;border-left-width: 0px !important;padding-top: 0px !important;padding-right: 0px !important;padding-bottom: 0px !important;padding-left: 0px !important;}\u00bb][vc_single_image image=\u00bb4266&#8243; img_size=\u00bbfull\u00bb alignment=\u00bbright\u00bb css=\u00bb.vc_custom_1487183407628{margin-top: 0px !important;margin-right: 0px !important;margin-bottom: 0px !important;margin-left: 0px !important;border-top-width: 0px !important;border-right-width: 0px !important;border-bottom-width: 0px !important;border-left-width: 0px !important;padding-top: 0px !important;padding-right: 0px !important;padding-bottom: 0px !important;padding-left: 0px !important;}\u00bb][\/vc_column][\/vc_row][vc_column][\/vc_column]<\/p>\n","protected":false},"excerpt":{"rendered":"<p>[vc_row fullwidth=\u00bbyes\u00bb][vc_column css=\u00bb.vc_custom_1419115773733{padding-right: 0px !important;padding-left: 0px !important;}\u00bb][vc_empty_space height=\u00bb60px\u00bb][vc_column_text] JUNIOR SCHOOL [\/vc_column_text][vc_empty_space height=\u00bb10px\u00bb][\/vc_column][\/vc_row][vc_row fullwidth=\u00bbyes\u00bb][vc_column css=\u00bb.vc_custom_1476712451370{margin-top: 0px !important;margin-right: 0px !important;margin-bottom: 0px !important;margin-left: 0px !important;padding-top: 0px !important;padding-right: 0px !important;padding-bottom: 0px !important;padding-left: 0px !important;}\u00bb][rev_slider_vc alias=\u00bbjunior\u00bb][\/vc_column][\/vc_row][vc_row fullwidth=\u00bbyes\u00bb][vc_column css=\u00bb.vc_custom_1419115773733{padding-right: 0px !important;padding-left: 0px !important;}\u00bb][vc_empty_space height=\u00bb60px\u00bb][vc_column_text] CONTIN\u00daA EL PROCESO DE FORMACI\u00d3N PERSONAL Y APRENDIZAJE QUE SE INICI\u00d3 EN LITTLE WOODLANDS. [\/vc_column_text][vc_empty_space height=\u00bb10px\u00bb][vc_single_image image=\u00bb3546&#8243; [&hellip;]<\/p>\n","protected":false},"author":1,"featured_media":0,"parent":0,"menu_order":0,"comment_status":"open","ping_status":"closed","template":"","meta":{"footnotes":""},"class_list":["post-3555","page","type-page","status-publish","hentry"],"_links":{"self":[{"href":"https:\/\/www.woodlands.edu.uy\/esp\/wp-json\/wp\/v2\/pages\/3555","targetHints":{"allow":["GET"]}}],"collection":[{"href":"https:\/\/www.woodlands.edu.uy\/esp\/wp-json\/wp\/v2\/pages"}],"about":[{"href":"https:\/\/www.woodlands.edu.uy\/esp\/wp-json\/wp\/v2\/types\/page"}],"author":[{"embeddable":true,"href":"https:\/\/www.woodlands.edu.uy\/esp\/wp-json\/wp\/v2\/users\/1"}],"replies":[{"embeddable":true,"href":"https:\/\/www.woodlands.edu.uy\/esp\/wp-json\/wp\/v2\/comments?post=3555"}],"version-history":[{"count":43,"href":"https:\/\/www.woodlands.edu.uy\/esp\/wp-json\/wp\/v2\/pages\/3555\/revisions"}],"predecessor-version":[{"id":20571,"href":"https:\/\/www.woodlands.edu.uy\/esp\/wp-json\/wp\/v2\/pages\/3555\/revisions\/20571"}],"wp:attachment":[{"href":"https:\/\/www.woodlands.edu.uy\/esp\/wp-json\/wp\/v2\/media?parent=3555"}],"curies":[{"name":"wp","href":"https:\/\/api.w.org\/{rel}","templated":true}]}}