{"id":4193,"date":"2017-11-03T08:45:38","date_gmt":"2017-11-03T08:45:38","guid":{"rendered":"http:\/\/www.woodlands.edu.uy\/esp\/?page_id=4193"},"modified":"2022-12-05T13:38:00","modified_gmt":"2022-12-05T13:38:00","slug":"menu-2","status":"publish","type":"page","link":"https:\/\/www.woodlands.edu.uy\/esp\/menu-2\/","title":{"rendered":"Men\u00fa"},"content":{"rendered":"<p>[vc_row fullwidth=\u00bbyes\u00bb][vc_column css=\u00bb.vc_custom_1419115773733{padding-right: 0px !important;padding-left: 0px !important;}\u00bb][vc_empty_space height=\u00bb60px\u00bb][vc_column_text]<\/p>\n<h3 style=\"text-align: center;\"><span style=\"color: #15199c;\">MEN\u00da DICIEMBRE<\/span><\/h3>\n<table width=\"775\">\n<tbody>\n<tr>\n<td width=\"115\">Fecha*<\/td>\n<td width=\"105\">Comentario<\/td>\n<td width=\"176\">Men\u00fa<\/td>\n<td width=\"203\">Opci\u00f3n<\/td>\n<td width=\"176\">Postre<\/td>\n<\/tr>\n<tr>\n<td>28-Nov.<\/td>\n<td><\/td>\n<td width=\"176\">Alb\u00f3ndigas con arroz<\/td>\n<td>Tarta capresse<\/td>\n<td>Fruta<\/td>\n<\/tr>\n<tr>\n<td>29-Nov.<\/td>\n<td><\/td>\n<td width=\"176\">\u00d1oquis con salsa de queso<\/td>\n<td width=\"203\">Bud\u00edn de calabaza y espinaca<\/td>\n<td>Postre de leche<\/td>\n<\/tr>\n<tr>\n<td>30-Nov.<\/td>\n<td><\/td>\n<td width=\"176\">Chivito de pollo con papas bast\u00f3n al horno<\/td>\n<td width=\"203\">Milanesa de zapallitos<\/td>\n<td width=\"176\">Helado de frutilla<\/td>\n<\/tr>\n<tr>\n<td>01-Dic.<\/td>\n<td><\/td>\n<td colspan=\"3\" width=\"555\">EVENTO \u201cLA CASITA\u201d (NO HAY MEN\u00da)<\/td>\n<\/tr>\n<tr>\n<td>02-Dic.<\/td>\n<td><\/td>\n<td width=\"176\">Milanesas de pollo con pur\u00e9 de papa y pur\u00e9 de calabaza<\/td>\n<td width=\"203\">Lasa\u00f1a de vegetales<\/td>\n<td>Postre de leche<\/td>\n<\/tr>\n<tr>\n<td>05-Dic.<\/td>\n<td><\/td>\n<td width=\"176\">Carne a la crema con arroz<\/td>\n<td>Tarta de zapallitos<\/td>\n<td>Fruta<\/td>\n<\/tr>\n<tr>\n<td>06-Dic.<\/td>\n<td><\/td>\n<td width=\"176\">Milanesa de pescado con ensalada de papa, tomate en cubos y huevo<\/td>\n<td>Pasta con vegetales<\/td>\n<td>Postre de leche<\/td>\n<\/tr>\n<tr>\n<td>07-Dic.<\/td>\n<td><\/td>\n<td width=\"176\">Hamburguesa al pan, papas bast\u00f3n al horno<\/td>\n<td>Berenjenas a la parmesana<\/td>\n<td width=\"176\">Salchich\u00f3n de chocolate<\/td>\n<\/tr>\n<tr>\n<td>08-Dic.<\/td>\n<td><\/td>\n<td width=\"176\">Capellettis con salsa tipo carusso<\/td>\n<td>Pascualina<\/td>\n<td>Ensalada de fruta<\/td>\n<\/tr>\n<tr>\n<td>09-Dic.<\/td>\n<td><\/td>\n<td width=\"176\">Torta de pollo con ensalada de cherry, choclo y zanahoria rallada<\/td>\n<td>Morrones rellenos<\/td>\n<td>Postre de leche<\/td>\n<\/tr>\n<tr>\n<td>12-Dic.<\/td>\n<td width=\"105\"><\/td>\n<td width=\"176\">Fajitas de carne con arroz<\/td>\n<td width=\"203\">Tarta de puerros<\/td>\n<td>Fruta<\/td>\n<\/tr>\n<tr>\n<td>13-Dic.<\/td>\n<td><\/td>\n<td width=\"176\">Milanesa de carne con ensalada de papa, arvejas y huevo<\/td>\n<td width=\"203\">Arroz integral con vegetales<\/td>\n<td>Postre de leche<\/td>\n<\/tr>\n<tr>\n<td>14-Dic.<\/td>\n<td width=\"105\"><\/td>\n<td width=\"176\">Chivito de pollo con papas bast\u00f3n al horno<\/td>\n<td width=\"203\">Milanesas de berenjena<\/td>\n<td width=\"176\">Torta de despedida<\/td>\n<\/tr>\n<\/tbody>\n<\/table>\n<p>[\/vc_column_text][vc_column_text]<strong>\u00a0<\/strong>Precios de Men\u00fa<\/p>\n<p>Men\u00fa Kinder: $240<br \/>\nMen\u00fa primaria y secundaria: $260<\/p>\n<div dir=\"ltr\">\n<div dir=\"ltr\">\u00a0Los\u00a0<span class=\"gmail_default\">\u200b\u200b<\/span>men\u00fa se componen<span class=\"gmail_default\">\u200b de\u200b<\/span>:\u00a0<span class=\"gmail_default\">\u200bp\u200b<\/span>lato principal,\u00a0<span class=\"gmail_default\">\u200b\u200b<\/span>ensalada, (<span class=\"gmail_default\">\u200bs\u200b<\/span>opa en\u00a0<span class=\"gmail_default\">\u200b<\/span>invierno),\u00a0<span class=\"gmail_default\">\u200b\u200b<\/span>postre o\u00a0<span class=\"gmail_default\">\u200bf\u200b<\/span>ruta, pan<span class=\"gmail_default\">\u200b y\u200b<\/span>\u00a0agua. Los Men\u00fa son dise\u00f1ados por nuestra Licenciada\u00a0<span class=\"gmail_default\">\u200ben\u200b<\/span>\u00a0Nutrici\u00f3n para que los mismos sean balanceados y saludables.<\/div>\n<div dir=\"ltr\">Kiosco: Jugos, yogures, leche chocolatada, aguas saborizadas, alfajores elaborados en la\u00a0<span class=\"gmail_default\">\u200bp\u200b<\/span>lanta de Nora Rey (maicena, yoyo, brownie, barritas de cereales), frutas naturales y ensalada de frutas.<\/div>\n<\/div>\n<p>[\/vc_column_text][vc_empty_space height=\u00bb10px\u00bb][\/vc_column][\/vc_row][vc_row fullwidth=\u00bbyes\u00bb][vc_column css=\u00bb.vc_custom_1476712451370{margin-top: 0px !important;margin-right: 0px !important;margin-bottom: 0px !important;margin-left: 0px !important;padding-top: 0px !important;padding-right: 0px !important;padding-bottom: 0px !important;padding-left: 0px !important;}\u00bb][rev_slider_vc alias=\u00bbinstitucional\u00bb][\/vc_column][\/vc_row][vc_row fullwidth=\u00bbyes\u00bb][vc_column css=\u00bb.vc_custom_1419115773733{padding-right: 0px !important;padding-left: 0px !important;}\u00bb][vc_empty_space height=\u00bb60px\u00bb][vc_column_text]<\/p>\n<h3 style=\"text-align: center;\"><\/h3>\n<p>[\/vc_column_text][vc_empty_space height=\u00bb10px\u00bb][vc_single_image image=\u00bb3546&#8243; img_size=\u00bbfull\u00bb alignment=\u00bbcenter\u00bb][\/vc_column][\/vc_row][vc_row][vc_column][vc_empty_space][\/vc_column][\/vc_row][vc_row][vc_column][vc_empty_space height=\u00bb4px\u00bb][vc_column_text][\/vc_column_text][\/vc_column][\/vc_row][vc_row][vc_column][vc_column_text]<strong>\u00a0\u00a0<\/strong>[\/vc_column_text][vc_column_text][\/vc_column_text][vc_column_text][\/vc_column_text][vc_column_text]<strong>\u00a0\u00a0<\/strong>[\/vc_column_text][vc_column_text][\/vc_column_text][vc_column_text][\/vc_column_text][vc_column_text]<strong>\u00a0\u00a0<\/strong>[\/vc_column_text][vc_column_text][\/vc_column_text][\/vc_column][\/vc_row][vc_row css=\u00bb.vc_custom_1477420287744{padding-top: 30px !important;}\u00bb][vc_column width=\u00bb1\/6&#8243;][\/vc_column][vc_column width=\u00bb1\/6&#8243;][vc_single_image image=\u00bb3763&#8243; img_size=\u00bb70&#215;70&#8243; alignment=\u00bbcenter\u00bb onclick=\u00bbcustom_link\u00bb link=\u00bbhttps:\/\/www.woodlands.edu.uy\/esp\/todas-las-noticias\/\u00bb][vc_column_text]<\/p>\n<h5 style=\"text-align: center;\"><span style=\"color: #4c5961;\">NOTICIAS<\/span><\/h5>\n<p>[\/vc_column_text][\/vc_column][vc_column width=\u00bb1\/6&#8243;][vc_single_image image=\u00bb3764&#8243; img_size=\u00bb70&#215;70&#8243; alignment=\u00bbcenter\u00bb onclick=\u00bbcustom_link\u00bb link=\u00bbhttps:\/\/www.woodlands.edu.uy\/esp\/calendario\/\u00bb][vc_column_text]<\/p>\n<h5 style=\"text-align: center;\"><span style=\"color: #4c5961;\">CALENDARIO<\/span><\/h5>\n<p>[\/vc_column_text][\/vc_column][vc_column width=\u00bb1\/6&#8243;][vc_single_image image=\u00bb3765&#8243; img_size=\u00bb70&#215;70&#8243; alignment=\u00bbcenter\u00bb onclick=\u00bbcustom_link\u00bb link=\u00bbhttps:\/\/www.woodlands.edu.uy\/esp\/deportes\/\u00bb][vc_column_text]<\/p>\n<h5 style=\"text-align: center;\"><span style=\"color: #4c5961;\">DEPORTES<\/span><\/h5>\n<p>[\/vc_column_text][\/vc_column][vc_column width=\u00bb1\/6&#8243;][vc_single_image image=\u00bb3766&#8243; img_size=\u00bb70&#215;70&#8243; alignment=\u00bbcenter\u00bb onclick=\u00bbcustom_link\u00bb link=\u00bbhttps:\/\/www.woodlands.edu.uy\/esp\/menu\/\u00bb][vc_column_text]<\/p>\n<h5 style=\"text-align: center;\"><span style=\"color: #4c5961;\">MEN\u00da<\/span><\/h5>\n<p>[\/vc_column_text][\/vc_column][vc_column width=\u00bb1\/6&#8243;][\/vc_column][\/vc_row][vc_row css=\u00bb.vc_custom_1477420287744{padding-top: 30px !important;}\u00bb][vc_column width=\u00bb1\/6&#8243;][\/vc_column][vc_column width=\u00bb1\/6&#8243;][vc_single_image image=\u00bb4346&#8243; img_size=\u00bb70&#215;70&#8243; alignment=\u00bbcenter\u00bb onclick=\u00bbcustom_link\u00bb link=\u00bbhttps:\/\/www.woodlands.edu.uy\/esp\/links-de-interes\/\u00bb][vc_column_text]<\/p>\n<h5 style=\"text-align: center;\"><span style=\"color: #4c5961;\">DE INTER\u00c9S<\/span><\/h5>\n<p>[\/vc_column_text][\/vc_column][vc_column width=\u00bb1\/6&#8243;][vc_single_image image=\u00bb5869&#8243; img_size=\u00bb70&#215;70&#8243; alignment=\u00bbcenter\u00bb onclick=\u00bbcustom_link\u00bb link=\u00bbhttps:\/\/www.woodlands.edu.uy\/esp\/timetables-2\/\u00bb][vc_column_text]<\/p>\n<h5 style=\"text-align: center;\"><span style=\"color: #4c5961;\">HORARIOS<\/span><\/h5>\n<p>[\/vc_column_text][\/vc_column][vc_column width=\u00bb1\/6&#8243;][vc_single_image image=\u00bb19626&#8243; img_size=\u00bb70&#215;70&#8243; alignment=\u00bbcenter\u00bb onclick=\u00bbcustom_link\u00bb link=\u00bbhttps:\/\/www.woodlands.edu.uy\/esp\/revistas\/\u00bb][vc_column_text]<\/p>\n<h5 style=\"text-align: center;\"><span style=\"color: #4c5961;\">REVISTAS<\/span><\/h5>\n<p>[\/vc_column_text][\/vc_column][vc_column width=\u00bb1\/6&#8243;][vc_single_image image=\u00bb20004&#8243; img_size=\u00bb70&#215;70&#8243; alignment=\u00bbcenter\u00bb onclick=\u00bbcustom_link\u00bb link=\u00bbhttps:\/\/www.woodlands.edu.uy\/esp\/woodlands-links\/\u00bb][vc_column_text]<\/p>\n<h5 style=\"text-align: center;\"><span style=\"color: #4c5961;\">WOODLANDS LINKS<\/span><\/h5>\n<p>[\/vc_column_text][\/vc_column][vc_column width=\u00bb1\/6&#8243;][\/vc_column][\/vc_row][vc_row][vc_column][vc_empty_space height=\u00bb60px\u00bb][\/vc_column][\/vc_row][vc_row full_width=\u00bbstretch_row\u00bb equal_height=\u00bbyes\u00bb background_style=\u00bbcolor\u00bb color_background_color=\u00bb#43474d\u00bb fullwidth=\u00bbyes\u00bb css=\u00bb.vc_custom_1485454555870{margin-top: 0px !important;margin-right: 0px !important;margin-bottom: 0px !important;margin-left: 0px !important;border-top-width: 0px !important;border-right-width: 0px !important;border-bottom-width: 0px !important;border-left-width: 0px !important;padding-top: 0px !important;padding-right: 0px !important;padding-bottom: 0px !important;padding-left: 0px !important;background-color: #43474d !important;}\u00bb][vc_column width=\u00bb1\/2&#8243; css=\u00bb.vc_custom_1476715080488{margin-top: 0px !important;margin-right: 0px !important;margin-bottom: 0px !important;margin-left: 0px !important;border-top-width: 0px !important;border-right-width: 0px !important;border-bottom-width: 0px !important;border-left-width: 0px !important;padding-top: 0px !important;padding-right: 0px !important;padding-bottom: 0px !important;padding-left: 0px !important;}\u00bb][vc_single_image image=\u00bb3487&#8243; img_size=\u00bbfull\u00bb css=\u00bb.vc_custom_1476714910399{margin-top: 0px !important;margin-right: 0px !important;margin-bottom: 0px !important;margin-left: 0px !important;border-top-width: 0px !important;border-right-width: 0px !important;border-bottom-width: 0px !important;border-left-width: 0px !important;padding-top: 0px !important;padding-right: 0px !important;padding-bottom: 0px !important;padding-left: 0px !important;}\u00bb][\/vc_column][vc_column width=\u00bb1\/2&#8243; css=\u00bb.vc_custom_1476715090525{margin-top: 0px !important;margin-right: 0px !important;margin-bottom: 0px !important;margin-left: 0px !important;border-top-width: 0px !important;border-right-width: 0px !important;border-bottom-width: 0px !important;border-left-width: 0px !important;padding-top: 0px !important;padding-right: 0px !important;padding-bottom: 0px !important;padding-left: 0px !important;}\u00bb][vc_single_image image=\u00bb4259&#8243; img_size=\u00bbfull\u00bb alignment=\u00bbright\u00bb css=\u00bb.vc_custom_1487191254181{margin-top: 0px !important;margin-right: 0px !important;margin-bottom: 0px !important;margin-left: 0px !important;border-top-width: 0px !important;border-right-width: 0px !important;border-bottom-width: 0px !important;border-left-width: 0px !important;padding-top: 0px !important;padding-right: 0px !important;padding-bottom: 0px !important;padding-left: 0px !important;}\u00bb][\/vc_column][\/vc_row][vc_column][\/vc_column]<\/p>\n","protected":false},"excerpt":{"rendered":"<p>[vc_row fullwidth=\u00bbyes\u00bb][vc_column css=\u00bb.vc_custom_1419115773733{padding-right: 0px !important;padding-left: 0px !important;}\u00bb][vc_empty_space height=\u00bb60px\u00bb][vc_column_text] MEN\u00da DICIEMBRE Fecha* Comentario Men\u00fa Opci\u00f3n Postre 28-Nov. Alb\u00f3ndigas con arroz Tarta capresse Fruta 29-Nov. \u00d1oquis con salsa de queso Bud\u00edn de calabaza y espinaca Postre de leche 30-Nov. Chivito de pollo con papas bast\u00f3n al horno Milanesa de zapallitos Helado de frutilla 01-Dic. EVENTO \u201cLA CASITA\u201d [&hellip;]<\/p>\n","protected":false},"author":1,"featured_media":0,"parent":0,"menu_order":0,"comment_status":"closed","ping_status":"closed","template":"","meta":{"footnotes":""},"class_list":["post-4193","page","type-page","status-publish","hentry"],"_links":{"self":[{"href":"https:\/\/www.woodlands.edu.uy\/esp\/wp-json\/wp\/v2\/pages\/4193","targetHints":{"allow":["GET"]}}],"collection":[{"href":"https:\/\/www.woodlands.edu.uy\/esp\/wp-json\/wp\/v2\/pages"}],"about":[{"href":"https:\/\/www.woodlands.edu.uy\/esp\/wp-json\/wp\/v2\/types\/page"}],"author":[{"embeddable":true,"href":"https:\/\/www.woodlands.edu.uy\/esp\/wp-json\/wp\/v2\/users\/1"}],"replies":[{"embeddable":true,"href":"https:\/\/www.woodlands.edu.uy\/esp\/wp-json\/wp\/v2\/comments?post=4193"}],"version-history":[{"count":183,"href":"https:\/\/www.woodlands.edu.uy\/esp\/wp-json\/wp\/v2\/pages\/4193\/revisions"}],"predecessor-version":[{"id":20531,"href":"https:\/\/www.woodlands.edu.uy\/esp\/wp-json\/wp\/v2\/pages\/4193\/revisions\/20531"}],"wp:attachment":[{"href":"https:\/\/www.woodlands.edu.uy\/esp\/wp-json\/wp\/v2\/media?parent=4193"}],"curies":[{"name":"wp","href":"https:\/\/api.w.org\/{rel}","templated":true}]}}